{"id":3,"date":"2022-04-06T02:31:13","date_gmt":"2022-04-06T02:31:13","guid":{"rendered":"https:\/\/traffic-chart.com\/?page_id=3"},"modified":"2024-02-27T09:41:45","modified_gmt":"2024-02-27T09:41:45","slug":"politique-de-confidentialite","status":"publish","type":"page","link":"https:\/\/traffic-chart.com\/fr\/politique-de-confidentialite\/","title":{"rendered":"Politique de confidentialit\u00e9"},"content":{"rendered":"<h2 class=\"wp-block-heading\">Qui sommes-nous ?<\/h2>\n\n\n\n<p>L'adresse de notre site Internet est : https:\/\/traffic-chart.com.<\/p>\n\n\n\n<h2 class=\"wp-block-heading\">Commentaires<\/h2>\n\n\n\n<p>Lorsque les visiteurs laissent des commentaires sur le site, nous recueillons les donn\u00e9es indiqu\u00e9es dans le formulaire de commentaires, ainsi que l'adresse IP du visiteur et la cha\u00eene de l'agent utilisateur du navigateur pour aider \u00e0 la d\u00e9tection des spams.<\/p>\n\n\n\n<p>Une cha\u00eene anonymis\u00e9e cr\u00e9\u00e9e \u00e0 partir de ton adresse \u00e9lectronique (\u00e9galement appel\u00e9e hachage) peut \u00eatre fournie au service Gravatar pour savoir si tu l'utilises. La politique de confidentialit\u00e9 du service Gravatar est disponible ici : https:\/\/automattic.com\/privacy\/. Apr\u00e8s approbation de ton commentaire, ta photo de profil est visible par le public dans le contexte de ton commentaire.<\/p>\n\n\n\n<h2 class=\"wp-block-heading\">Les m\u00e9dias<\/h2>\n\n\n\n<p>Si tu t\u00e9l\u00e9charges des images sur le site Web, tu dois \u00e9viter de t\u00e9l\u00e9charger des images contenant des donn\u00e9es de localisation int\u00e9gr\u00e9es (EXIF GPS). Les visiteurs du site Web peuvent t\u00e9l\u00e9charger et extraire toutes les donn\u00e9es de localisation des images sur le site Web.<\/p>\n\n\n\n<h2 class=\"wp-block-heading\">Cookies<\/h2>\n\n\n\n<p>Si tu laisses un commentaire sur notre site, tu peux choisir d'enregistrer ton nom, ton adresse \u00e9lectronique et ton site Web dans des cookies. Ceux-ci sont destin\u00e9s \u00e0 te faciliter la t\u00e2che, afin que tu n'aies pas \u00e0 remplir \u00e0 nouveau tes coordonn\u00e9es lorsque tu laisses un autre commentaire. Ces cookies ont une dur\u00e9e de vie d'un an.<\/p>\n\n\n\n<p>Si tu visites notre page de connexion, nous installerons un cookie temporaire pour d\u00e9terminer si ton navigateur accepte les cookies. Ce cookie ne contient aucune donn\u00e9e personnelle et est supprim\u00e9 lorsque tu fermes ton navigateur.<\/p>\n\n\n\n<p>Lorsque tu te connectes, nous installons \u00e9galement plusieurs cookies pour sauvegarder tes informations de connexion et tes choix d'affichage \u00e0 l'\u00e9cran. Les cookies de connexion durent deux jours, et les cookies d'options d'\u00e9cran durent un an. Si tu s\u00e9lectionnes \"Se souvenir de moi\", ta connexion persistera pendant deux semaines. Si tu te d\u00e9connectes de ton compte, les cookies de connexion seront supprim\u00e9s.<\/p>\n\n\n\n<p>Si tu modifies ou publies un article, un cookie suppl\u00e9mentaire sera enregistr\u00e9 dans ton navigateur. Ce cookie n'inclut aucune donn\u00e9e personnelle et indique simplement l'identifiant de poste de l'article que tu viens de modifier. Il expire au bout d'un jour.<\/p>\n\n\n\n<h2 class=\"wp-block-heading\">Contenu int\u00e9gr\u00e9 d'autres sites web<\/h2>\n\n\n\n<p>Les articles de ce site peuvent inclure du contenu int\u00e9gr\u00e9 (par exemple des vid\u00e9os, des images, des articles, etc.) Les contenus int\u00e9gr\u00e9s provenant d'autres sites Internet se comportent exactement de la m\u00eame mani\u00e8re que si le visiteur s'\u00e9tait rendu sur l'autre site Internet.<\/p>\n\n\n\n<p>Ces sites Web peuvent collecter des donn\u00e9es sur toi, utiliser des cookies, int\u00e9grer un suivi tiers suppl\u00e9mentaire et surveiller ton interaction avec ce contenu int\u00e9gr\u00e9, y compris le suivi de ton interaction avec le contenu int\u00e9gr\u00e9 si tu as un compte et que tu es connect\u00e9 \u00e0 ce site Web.<\/p>\n\n\n\n<h2 class=\"wp-block-heading\">Avec qui partageons-nous tes donn\u00e9es ?<\/h2>\n\n\n\n<p>Si tu demandes une r\u00e9initialisation de ton mot de passe, ton adresse IP sera incluse dans l'e-mail de r\u00e9initialisation.<\/p>\n\n\n\n<h2 class=\"wp-block-heading\">Pendant combien de temps nous conservons tes donn\u00e9es<\/h2>\n\n\n\n<p>Si tu laisses un commentaire, le commentaire et ses m\u00e9tadonn\u00e9es sont conserv\u00e9s ind\u00e9finiment. Cela nous permet de reconna\u00eetre et d'approuver automatiquement les commentaires de suivi au lieu de les conserver dans une file d'attente de mod\u00e9ration.<\/p>\n\n\n\n<p>Pour les utilisateurs qui s'inscrivent sur notre site Web (le cas \u00e9ch\u00e9ant), nous stockons \u00e9galement les informations personnelles qu'ils fournissent dans leur profil d'utilisateur. Tous les utilisateurs peuvent voir, modifier ou supprimer leurs informations personnelles \u00e0 tout moment (sauf qu'ils ne peuvent pas changer leur nom d'utilisateur). Les administrateurs du site Web peuvent \u00e9galement voir et modifier ces informations.<\/p>\n\n\n\n<h2 class=\"wp-block-heading\">Quels sont les droits que tu as sur tes donn\u00e9es ?<\/h2>\n\n\n\n<p>Si tu as un compte sur ce site, ou si tu as laiss\u00e9 des commentaires, tu peux demander \u00e0 recevoir un fichier export\u00e9 des donn\u00e9es personnelles que nous d\u00e9tenons \u00e0 ton sujet, y compris toutes les donn\u00e9es que tu nous as fournies. Tu peux \u00e9galement demander \u00e0 ce que nous effacions toutes les donn\u00e9es personnelles que nous d\u00e9tenons \u00e0 ton sujet. Cela n'inclut pas les donn\u00e9es que nous sommes oblig\u00e9s de conserver \u00e0 des fins administratives, juridiques ou de s\u00e9curit\u00e9.<\/p>\n\n\n\n<h2 class=\"wp-block-heading\">O\u00f9 nous envoyons tes donn\u00e9es<\/h2>\n\n\n\n<p>Les commentaires des visiteurs peuvent \u00eatre v\u00e9rifi\u00e9s par un service automatis\u00e9 de d\u00e9tection des spams.<\/p>","protected":false},"excerpt":{"rendered":"<p>Qui nous sommes L'adresse de notre site web est : https:\/\/traffic-chart.com. Commentaires Lorsque les visiteurs laissent des commentaires sur le site, nous recueillons les donn\u00e9es indiqu\u00e9es dans le formulaire de commentaires, ainsi que l'adresse IP du visiteur et la cha\u00eene de l'agent utilisateur du navigateur pour aider \u00e0 la d\u00e9tection des spams. Une cha\u00eene anonymis\u00e9e cr\u00e9\u00e9e \u00e0 partir de ton adresse \u00e9lectronique (\u00e9galement appel\u00e9e hachage) peut \u00eatre fournie [...]<\/p>","protected":false},"author":1,"featured_media":0,"parent":0,"menu_order":0,"comment_status":"closed","ping_status":"open","template":"","meta":{"site-sidebar-layout":"default","site-content-layout":"","ast-site-content-layout":"default","site-content-style":"default","site-sidebar-style":"default","ast-global-header-display":"","ast-banner-title-visibility":"","ast-main-header-display":"","ast-hfb-above-header-display":"","ast-hfb-below-header-display":"","ast-hfb-mobile-header-display":"","site-post-title":"","ast-breadcrumbs-content":"","ast-featured-img":"","footer-sml-layout":"","ast-disable-related-posts":"","theme-transparent-header-meta":"","adv-header-id-meta":"","stick-header-meta":"","header-above-stick-meta":"","header-main-stick-meta":"","header-below-stick-meta":"","astra-migrate-meta-layouts":"set","ast-page-background-enabled":"default","ast-page-background-meta":{"desktop":{"background-color":"","background-image":"","background-repeat":"repeat","background-position":"center center","background-size":"auto","background-attachment":"scroll","background-type":"","background-media":"","overlay-type":"","overlay-color":"","overlay-opacity":"","overlay-gradient":""},"tablet":{"background-color":"","background-image":"","background-repeat":"repeat","background-position":"center center","background-size":"auto","background-attachment":"scroll","background-type":"","background-media":"","overlay-type":"","overlay-color":"","overlay-opacity":"","overlay-gradient":""},"mobile":{"background-color":"","background-image":"","background-repeat":"repeat","background-position":"center center","background-size":"auto","background-attachment":"scroll","background-type":"","background-media":"","overlay-type":"","overlay-color":"","overlay-opacity":"","overlay-gradient":""}},"ast-content-background-meta":{"desktop":{"background-color":"var(--ast-global-color-5)","background-image":"","background-repeat":"repeat","background-position":"center center","background-size":"auto","background-attachment":"scroll","background-type":"","background-media":"","overlay-type":"","overlay-color":"","overlay-opacity":"","overlay-gradient":""},"tablet":{"background-color":"var(--ast-global-color-5)","background-image":"","background-repeat":"repeat","background-position":"center center","background-size":"auto","background-attachment":"scroll","background-type":"","background-media":"","overlay-type":"","overlay-color":"","overlay-opacity":"","overlay-gradient":""},"mobile":{"background-color":"var(--ast-global-color-5)","background-image":"","background-repeat":"repeat","background-position":"center center","background-size":"auto","background-attachment":"scroll","background-type":"","background-media":"","overlay-type":"","overlay-color":"","overlay-opacity":"","overlay-gradient":""}},"footnotes":""},"class_list":["post-3","page","type-page","status-publish","hentry"],"yoast_head":"<!-- This site is optimized with the Yoast SEO plugin v26.7 - https:\/\/yoast.com\/wordpress\/plugins\/seo\/ -->\n<title>Privacy Policy - Traffic Chart<\/title>\n<meta name=\"robots\" content=\"index, follow, max-snippet:-1, max-image-preview:large, max-video-preview:-1\" \/>\n<link rel=\"canonical\" href=\"https:\/\/traffic-chart.com\/fr\/politique-de-confidentialite\/\" \/>\n<meta property=\"og:locale\" content=\"fr_FR\" \/>\n<meta property=\"og:type\" content=\"article\" \/>\n<meta property=\"og:title\" content=\"Privacy Policy - Traffic Chart\" \/>\n<meta property=\"og:description\" content=\"Who we are Our website address is: https:\/\/traffic-chart.com. Comments When visitors leave comments on the site we collect the data shown in the comments form, and also the visitor\u2019s IP address and browser user agent string to help spam detection. An anonymized string created from your email address (also called a hash) may be provided [&hellip;]\" \/>\n<meta property=\"og:url\" content=\"https:\/\/traffic-chart.com\/fr\/politique-de-confidentialite\/\" \/>\n<meta property=\"og:site_name\" content=\"Traffic Chart\" \/>\n<meta property=\"article:modified_time\" content=\"2024-02-27T09:41:45+00:00\" \/>\n<meta name=\"twitter:card\" content=\"summary_large_image\" \/>\n<meta name=\"twitter:label1\" content=\"Dur\u00e9e de lecture estim\u00e9e\" \/>\n\t<meta name=\"twitter:data1\" content=\"3 minutes\" \/>\n<script type=\"application\/ld+json\" class=\"yoast-schema-graph\">{\"@context\":\"https:\/\/schema.org\",\"@graph\":[{\"@type\":\"WebPage\",\"@id\":\"https:\/\/traffic-chart.com\/privacy-policy\/\",\"url\":\"https:\/\/traffic-chart.com\/privacy-policy\/\",\"name\":\"Privacy Policy - Traffic Chart\",\"isPartOf\":{\"@id\":\"https:\/\/traffic-chart.com\/#website\"},\"datePublished\":\"2022-04-06T02:31:13+00:00\",\"dateModified\":\"2024-02-27T09:41:45+00:00\",\"breadcrumb\":{\"@id\":\"https:\/\/traffic-chart.com\/privacy-policy\/#breadcrumb\"},\"inLanguage\":\"fr-FR\",\"potentialAction\":[{\"@type\":\"ReadAction\",\"target\":[\"https:\/\/traffic-chart.com\/privacy-policy\/\"]}]},{\"@type\":\"BreadcrumbList\",\"@id\":\"https:\/\/traffic-chart.com\/privacy-policy\/#breadcrumb\",\"itemListElement\":[{\"@type\":\"ListItem\",\"position\":1,\"name\":\"Home\",\"item\":\"https:\/\/traffic-chart.com\/\"},{\"@type\":\"ListItem\",\"position\":2,\"name\":\"Privacy Policy\"}]},{\"@type\":\"WebSite\",\"@id\":\"https:\/\/traffic-chart.com\/#website\",\"url\":\"https:\/\/traffic-chart.com\/\",\"name\":\"Traffic Chart\",\"description\":\"Your traffic plan - Easy and efficient\",\"publisher\":{\"@id\":\"https:\/\/traffic-chart.com\/#organization\"},\"potentialAction\":[{\"@type\":\"SearchAction\",\"target\":{\"@type\":\"EntryPoint\",\"urlTemplate\":\"https:\/\/traffic-chart.com\/?s={search_term_string}\"},\"query-input\":{\"@type\":\"PropertyValueSpecification\",\"valueRequired\":true,\"valueName\":\"search_term_string\"}}],\"inLanguage\":\"fr-FR\"},{\"@type\":\"Organization\",\"@id\":\"https:\/\/traffic-chart.com\/#organization\",\"name\":\"Traffic Chart\",\"url\":\"https:\/\/traffic-chart.com\/\",\"logo\":{\"@type\":\"ImageObject\",\"inLanguage\":\"fr-FR\",\"@id\":\"https:\/\/traffic-chart.com\/#\/schema\/logo\/image\/\",\"url\":\"https:\/\/traffic-chart.com\/wp-content\/uploads\/2023\/05\/traffic-chart-logo-clean.png\",\"contentUrl\":\"https:\/\/traffic-chart.com\/wp-content\/uploads\/2023\/05\/traffic-chart-logo-clean.png\",\"width\":2000,\"height\":474,\"caption\":\"Traffic Chart\"},\"image\":{\"@id\":\"https:\/\/traffic-chart.com\/#\/schema\/logo\/image\/\"}}]}<\/script>\n<!-- \/ Yoast SEO plugin. -->","yoast_head_json":{"title":"Politique de confidentialit\u00e9 - Graphique de circulation","robots":{"index":"index","follow":"follow","max-snippet":"max-snippet:-1","max-image-preview":"max-image-preview:large","max-video-preview":"max-video-preview:-1"},"canonical":"https:\/\/traffic-chart.com\/fr\/politique-de-confidentialite\/","og_locale":"fr_FR","og_type":"article","og_title":"Privacy Policy - Traffic Chart","og_description":"Who we are Our website address is: https:\/\/traffic-chart.com. Comments When visitors leave comments on the site we collect the data shown in the comments form, and also the visitor\u2019s IP address and browser user agent string to help spam detection. An anonymized string created from your email address (also called a hash) may be provided [&hellip;]","og_url":"https:\/\/traffic-chart.com\/fr\/politique-de-confidentialite\/","og_site_name":"Traffic Chart","article_modified_time":"2024-02-27T09:41:45+00:00","twitter_card":"summary_large_image","twitter_misc":{"Dur\u00e9e de lecture estim\u00e9e":"3 minutes"},"schema":{"@context":"https:\/\/schema.org","@graph":[{"@type":"WebPage","@id":"https:\/\/traffic-chart.com\/privacy-policy\/","url":"https:\/\/traffic-chart.com\/privacy-policy\/","name":"Politique de confidentialit\u00e9 - Graphique de circulation","isPartOf":{"@id":"https:\/\/traffic-chart.com\/#website"},"datePublished":"2022-04-06T02:31:13+00:00","dateModified":"2024-02-27T09:41:45+00:00","breadcrumb":{"@id":"https:\/\/traffic-chart.com\/privacy-policy\/#breadcrumb"},"inLanguage":"fr-FR","potentialAction":[{"@type":"ReadAction","target":["https:\/\/traffic-chart.com\/privacy-policy\/"]}]},{"@type":"BreadcrumbList","@id":"https:\/\/traffic-chart.com\/privacy-policy\/#breadcrumb","itemListElement":[{"@type":"ListItem","position":1,"name":"Home","item":"https:\/\/traffic-chart.com\/"},{"@type":"ListItem","position":2,"name":"Privacy Policy"}]},{"@type":"WebSite","@id":"https:\/\/traffic-chart.com\/#website","url":"https:\/\/traffic-chart.com\/","name":"Graphique du trafic","description":"Votre plan de circulation - Simple et efficace","publisher":{"@id":"https:\/\/traffic-chart.com\/#organization"},"potentialAction":[{"@type":"SearchAction","target":{"@type":"EntryPoint","urlTemplate":"https:\/\/traffic-chart.com\/?s={search_term_string}"},"query-input":{"@type":"PropertyValueSpecification","valueRequired":true,"valueName":"search_term_string"}}],"inLanguage":"fr-FR"},{"@type":"Organization","@id":"https:\/\/traffic-chart.com\/#organization","name":"Graphique du trafic","url":"https:\/\/traffic-chart.com\/","logo":{"@type":"ImageObject","inLanguage":"fr-FR","@id":"https:\/\/traffic-chart.com\/#\/schema\/logo\/image\/","url":"https:\/\/traffic-chart.com\/wp-content\/uploads\/2023\/05\/traffic-chart-logo-clean.png","contentUrl":"https:\/\/traffic-chart.com\/wp-content\/uploads\/2023\/05\/traffic-chart-logo-clean.png","width":2000,"height":474,"caption":"Traffic Chart"},"image":{"@id":"https:\/\/traffic-chart.com\/#\/schema\/logo\/image\/"}}]}},"_links":{"self":[{"href":"https:\/\/traffic-chart.com\/fr\/wp-json\/wp\/v2\/pages\/3","targetHints":{"allow":["GET"]}}],"collection":[{"href":"https:\/\/traffic-chart.com\/fr\/wp-json\/wp\/v2\/pages"}],"about":[{"href":"https:\/\/traffic-chart.com\/fr\/wp-json\/wp\/v2\/types\/page"}],"author":[{"embeddable":true,"href":"https:\/\/traffic-chart.com\/fr\/wp-json\/wp\/v2\/users\/1"}],"replies":[{"embeddable":true,"href":"https:\/\/traffic-chart.com\/fr\/wp-json\/wp\/v2\/comments?post=3"}],"version-history":[{"count":1,"href":"https:\/\/traffic-chart.com\/fr\/wp-json\/wp\/v2\/pages\/3\/revisions"}],"predecessor-version":[{"id":28483,"href":"https:\/\/traffic-chart.com\/fr\/wp-json\/wp\/v2\/pages\/3\/revisions\/28483"}],"wp:attachment":[{"href":"https:\/\/traffic-chart.com\/fr\/wp-json\/wp\/v2\/media?parent=3"}],"curies":[{"name":"wp","href":"https:\/\/api.w.org\/{rel}","templated":true}]}}