{"id":26465,"date":"2022-05-19T09:32:21","date_gmt":"2022-05-19T09:32:21","guid":{"rendered":"https:\/\/traffic-chart.com\/?page_id=26465"},"modified":"2023-12-15T13:03:46","modified_gmt":"2023-12-15T13:03:46","slug":"confirmer-le-proces","status":"publish","type":"page","link":"https:\/\/traffic-chart.com\/fr\/confirmer-le-proces\/","title":{"rendered":"Merci de vous inscrire"},"content":{"rendered":"<div data-elementor-type=\"wp-page\" data-elementor-id=\"26465\" class=\"elementor elementor-26465\" data-elementor-post-type=\"page\">\n\t\t\t\t\t\t<section class=\"elementor-section elementor-top-section elementor-element elementor-element-02e9bd1 elementor-section-boxed elementor-section-height-default elementor-section-height-default\" data-id=\"02e9bd1\" data-element_type=\"section\" data-settings=\"{&quot;background_background&quot;:&quot;classic&quot;}\">\n\t\t\t\t\t\t<div class=\"elementor-container elementor-column-gap-default\">\n\t\t\t\t\t<div class=\"elementor-column elementor-col-100 elementor-top-column elementor-element elementor-element-78da7c0\" data-id=\"78da7c0\" data-element_type=\"column\" data-settings=\"{&quot;background_background&quot;:&quot;classic&quot;}\">\n\t\t\t<div class=\"elementor-widget-wrap elementor-element-populated\">\n\t\t\t\t\t\t<section class=\"elementor-section elementor-inner-section elementor-element elementor-element-58ed5f96 elementor-section-boxed elementor-section-height-default elementor-section-height-default\" data-id=\"58ed5f96\" data-element_type=\"section\">\n\t\t\t\t\t\t<div class=\"elementor-container elementor-column-gap-default\">\n\t\t\t\t\t<div class=\"elementor-column elementor-col-50 elementor-inner-column elementor-element elementor-element-4dd5ed82\" data-id=\"4dd5ed82\" data-element_type=\"column\">\n\t\t\t<div class=\"elementor-widget-wrap elementor-element-populated\">\n\t\t\t\t\t\t<div class=\"elementor-element elementor-element-f4528de elementor-view-default elementor-widget elementor-widget-icon\" data-id=\"f4528de\" data-element_type=\"widget\" data-widget_type=\"icon.default\">\n\t\t\t\t<div class=\"elementor-widget-container\">\n\t\t\t\t\t\t\t<div class=\"elementor-icon-wrapper\">\n\t\t\t<div class=\"elementor-icon\">\n\t\t\t<i aria-hidden=\"true\" class=\"fas fa-traffic-light\"><\/i>\t\t\t<\/div>\n\t\t<\/div>\n\t\t\t\t\t\t<\/div>\n\t\t\t\t<\/div>\n\t\t\t\t\t<\/div>\n\t\t<\/div>\n\t\t\t\t<div class=\"elementor-column elementor-col-50 elementor-inner-column elementor-element elementor-element-7afe2630\" data-id=\"7afe2630\" data-element_type=\"column\">\n\t\t\t<div class=\"elementor-widget-wrap elementor-element-populated\">\n\t\t\t\t\t\t<div class=\"elementor-element elementor-element-4fe784ba elementor-widget elementor-widget-heading\" data-id=\"4fe784ba\" data-element_type=\"widget\" data-widget_type=\"heading.default\">\n\t\t\t\t<div class=\"elementor-widget-container\">\n\t\t\t\t\t<h1 class=\"elementor-heading-title elementor-size-default\">Merci de vous inscrire \u00e0 votre essai gratuit<\/h1>\t\t\t\t<\/div>\n\t\t\t\t<\/div>\n\t\t\t\t\t<\/div>\n\t\t<\/div>\n\t\t\t\t\t<\/div>\n\t\t<\/section>\n\t\t\t\t<section class=\"elementor-section elementor-inner-section elementor-element elementor-element-49a7110 elementor-section-boxed elementor-section-height-default elementor-section-height-default\" data-id=\"49a7110\" data-element_type=\"section\">\n\t\t\t\t\t\t<div class=\"elementor-container elementor-column-gap-default\">\n\t\t\t\t\t<div class=\"elementor-column elementor-col-50 elementor-inner-column elementor-element elementor-element-7a69020\" data-id=\"7a69020\" data-element_type=\"column\">\n\t\t\t<div class=\"elementor-widget-wrap elementor-element-populated\">\n\t\t\t\t\t\t<div class=\"elementor-element elementor-element-05fa0c6 elementor-view-default elementor-widget elementor-widget-icon\" data-id=\"05fa0c6\" data-element_type=\"widget\" data-widget_type=\"icon.default\">\n\t\t\t\t<div class=\"elementor-widget-container\">\n\t\t\t\t\t\t\t<div class=\"elementor-icon-wrapper\">\n\t\t\t<div class=\"elementor-icon\">\n\t\t\t<i aria-hidden=\"true\" class=\"fas fa-mail-bulk\"><\/i>\t\t\t<\/div>\n\t\t<\/div>\n\t\t\t\t\t\t<\/div>\n\t\t\t\t<\/div>\n\t\t\t\t\t<\/div>\n\t\t<\/div>\n\t\t\t\t<div class=\"elementor-column elementor-col-50 elementor-inner-column elementor-element elementor-element-a20e53b\" data-id=\"a20e53b\" data-element_type=\"column\">\n\t\t\t<div class=\"elementor-widget-wrap elementor-element-populated\">\n\t\t\t\t\t\t<div class=\"elementor-element elementor-element-62c1638 elementor-widget elementor-widget-heading\" data-id=\"62c1638\" data-element_type=\"widget\" data-widget_type=\"heading.default\">\n\t\t\t\t<div class=\"elementor-widget-container\">\n\t\t\t\t\t<h2 class=\"elementor-heading-title elementor-size-default\">Les d\u00e9tails de votre compte vous seront communiqu\u00e9s dans votre bo\u00eete aux lettres \u00e9lectronique.<\/h2>\t\t\t\t<\/div>\n\t\t\t\t<\/div>\n\t\t\t\t\t<\/div>\n\t\t<\/div>\n\t\t\t\t\t<\/div>\n\t\t<\/section>\n\t\t\t\t<div class=\"elementor-element elementor-element-306191a elementor-widget elementor-widget-heading\" data-id=\"306191a\" data-element_type=\"widget\" data-widget_type=\"heading.default\">\n\t\t\t\t<div class=\"elementor-widget-container\">\n\t\t\t\t\t<h2 class=\"elementor-heading-title elementor-size-default\">Vous serez redirig\u00e9 vers la plateforme en 7 secondes<\/h2>\t\t\t\t<\/div>\n\t\t\t\t<\/div>\n\t\t\t\t<div class=\"elementor-element elementor-element-3db15e6 centreer elementor-widget elementor-widget-shortcode\" data-id=\"3db15e6\" data-element_type=\"widget\" data-widget_type=\"shortcode.default\">\n\t\t\t\t<div class=\"elementor-widget-container\">\n\t\t\t\t\t\t\t<div class=\"elementor-shortcode\">\t\t<meta http-equiv=\"refresh\" content=\"5; url=https:\/\/app.traffic-chart.com\/\">\r\n\t\tVeuillez patienter pendant que vous \u00eates redirig\u00e9...ou <a href=\"https:\/\/app.traffic-chart.com\/\">Cliquez ici<\/a> si vous ne voulez pas attendre.\r\n<\/div>\n\t\t\t\t\t\t<\/div>\n\t\t\t\t<\/div>\n\t\t\t\t<div class=\"elementor-element elementor-element-926f90b elementor-widget elementor-widget-text-editor\" data-id=\"926f90b\" data-element_type=\"widget\" data-widget_type=\"text-editor.default\">\n\t\t\t\t<div class=\"elementor-widget-container\">\n\t\t\t\t\t\t\t\t\t<p>Quelque chose ne fonctionne pas ? <a href=\"\/fr\/contact\/\">Contactez-nous ici<\/a><\/p>\t\t\t\t\t\t\t\t<\/div>\n\t\t\t\t<\/div>\n\t\t\t\t\t<\/div>\n\t\t<\/div>\n\t\t\t\t\t<\/div>\n\t\t<\/section>\n\t\t\t\t<\/div>","protected":false},"excerpt":{"rendered":"<p>Merci de vous \u00eatre inscrit \u00e0 l'essai gratuit Les d\u00e9tails de votre compte vous seront communiqu\u00e9s dans votre bo\u00eete aux lettres \u00e9lectronique Vous serez redirig\u00e9 vers la plateforme dans 7 secondes Quelque chose ne fonctionne pas ? Contactez nous ici<\/p>","protected":false},"author":2,"featured_media":0,"parent":0,"menu_order":0,"comment_status":"closed","ping_status":"closed","template":"","meta":{"site-sidebar-layout":"no-sidebar","site-content-layout":"page-builder","ast-site-content-layout":"default","site-content-style":"default","site-sidebar-style":"default","ast-global-header-display":"","ast-banner-title-visibility":"","ast-main-header-display":"","ast-hfb-above-header-display":"","ast-hfb-below-header-display":"","ast-hfb-mobile-header-display":"","site-post-title":"disabled","ast-breadcrumbs-content":"","ast-featured-img":"disabled","footer-sml-layout":"","ast-disable-related-posts":"","theme-transparent-header-meta":"","adv-header-id-meta":"","stick-header-meta":"","header-above-stick-meta":"","header-main-stick-meta":"","header-below-stick-meta":"","astra-migrate-meta-layouts":"default","ast-page-background-enabled":"default","ast-page-background-meta":{"desktop":{"background-color":"","background-image":"","background-repeat":"repeat","background-position":"center center","background-size":"auto","background-attachment":"scroll","background-type":"","background-media":"","overlay-type":"","overlay-color":"","overlay-opacity":"","overlay-gradient":""},"tablet":{"background-color":"","background-image":"","background-repeat":"repeat","background-position":"center center","background-size":"auto","background-attachment":"scroll","background-type":"","background-media":"","overlay-type":"","overlay-color":"","overlay-opacity":"","overlay-gradient":""},"mobile":{"background-color":"","background-image":"","background-repeat":"repeat","background-position":"center center","background-size":"auto","background-attachment":"scroll","background-type":"","background-media":"","overlay-type":"","overlay-color":"","overlay-opacity":"","overlay-gradient":""}},"ast-content-background-meta":{"desktop":{"background-color":"var(--ast-global-color-5)","background-image":"","background-repeat":"repeat","background-position":"center center","background-size":"auto","background-attachment":"scroll","background-type":"","background-media":"","overlay-type":"","overlay-color":"","overlay-opacity":"","overlay-gradient":""},"tablet":{"background-color":"var(--ast-global-color-5)","background-image":"","background-repeat":"repeat","background-position":"center center","background-size":"auto","background-attachment":"scroll","background-type":"","background-media":"","overlay-type":"","overlay-color":"","overlay-opacity":"","overlay-gradient":""},"mobile":{"background-color":"var(--ast-global-color-5)","background-image":"","background-repeat":"repeat","background-position":"center center","background-size":"auto","background-attachment":"scroll","background-type":"","background-media":"","overlay-type":"","overlay-color":"","overlay-opacity":"","overlay-gradient":""}},"footnotes":""},"class_list":["post-26465","page","type-page","status-publish","hentry"],"yoast_head":"<!-- This site is optimized with the Yoast SEO plugin v26.7 - https:\/\/yoast.com\/wordpress\/plugins\/seo\/ -->\n<title>Thank you for signing up - Traffic Chart<\/title>\n<meta name=\"robots\" content=\"index, follow, max-snippet:-1, max-image-preview:large, max-video-preview:-1\" \/>\n<link rel=\"canonical\" href=\"https:\/\/traffic-chart.com\/fr\/confirmer-le-proces\/\" \/>\n<meta property=\"og:locale\" content=\"fr_FR\" \/>\n<meta property=\"og:type\" content=\"article\" \/>\n<meta property=\"og:title\" content=\"Thank you for signing up - Traffic Chart\" \/>\n<meta property=\"og:description\" content=\"Thank you for signing up to your free trial Your account details will be provided in your email inbox You will be redirected to the platform in 7 seconds Something&#8217;s not working? Contact us here\" \/>\n<meta property=\"og:url\" content=\"https:\/\/traffic-chart.com\/fr\/confirmer-le-proces\/\" \/>\n<meta property=\"og:site_name\" content=\"Traffic Chart\" \/>\n<meta property=\"article:modified_time\" content=\"2023-12-15T13:03:46+00:00\" \/>\n<meta name=\"twitter:card\" content=\"summary_large_image\" \/>\n<meta name=\"twitter:label1\" content=\"Dur\u00e9e de lecture estim\u00e9e\" \/>\n\t<meta name=\"twitter:data1\" content=\"1 minute\" \/>\n<script type=\"application\/ld+json\" class=\"yoast-schema-graph\">{\"@context\":\"https:\/\/schema.org\",\"@graph\":[{\"@type\":\"WebPage\",\"@id\":\"https:\/\/traffic-chart.com\/confirm-trial\/\",\"url\":\"https:\/\/traffic-chart.com\/confirm-trial\/\",\"name\":\"Thank you for signing up - Traffic Chart\",\"isPartOf\":{\"@id\":\"https:\/\/traffic-chart.com\/#website\"},\"datePublished\":\"2022-05-19T09:32:21+00:00\",\"dateModified\":\"2023-12-15T13:03:46+00:00\",\"breadcrumb\":{\"@id\":\"https:\/\/traffic-chart.com\/confirm-trial\/#breadcrumb\"},\"inLanguage\":\"fr-FR\",\"potentialAction\":[{\"@type\":\"ReadAction\",\"target\":[\"https:\/\/traffic-chart.com\/confirm-trial\/\"]}]},{\"@type\":\"BreadcrumbList\",\"@id\":\"https:\/\/traffic-chart.com\/confirm-trial\/#breadcrumb\",\"itemListElement\":[{\"@type\":\"ListItem\",\"position\":1,\"name\":\"Home\",\"item\":\"https:\/\/traffic-chart.com\/\"},{\"@type\":\"ListItem\",\"position\":2,\"name\":\"Thank you for signing up\"}]},{\"@type\":\"WebSite\",\"@id\":\"https:\/\/traffic-chart.com\/#website\",\"url\":\"https:\/\/traffic-chart.com\/\",\"name\":\"Traffic Chart\",\"description\":\"Your traffic plan - Easy and efficient\",\"publisher\":{\"@id\":\"https:\/\/traffic-chart.com\/#organization\"},\"potentialAction\":[{\"@type\":\"SearchAction\",\"target\":{\"@type\":\"EntryPoint\",\"urlTemplate\":\"https:\/\/traffic-chart.com\/?s={search_term_string}\"},\"query-input\":{\"@type\":\"PropertyValueSpecification\",\"valueRequired\":true,\"valueName\":\"search_term_string\"}}],\"inLanguage\":\"fr-FR\"},{\"@type\":\"Organization\",\"@id\":\"https:\/\/traffic-chart.com\/#organization\",\"name\":\"Traffic Chart\",\"url\":\"https:\/\/traffic-chart.com\/\",\"logo\":{\"@type\":\"ImageObject\",\"inLanguage\":\"fr-FR\",\"@id\":\"https:\/\/traffic-chart.com\/#\/schema\/logo\/image\/\",\"url\":\"https:\/\/traffic-chart.com\/wp-content\/uploads\/2023\/05\/traffic-chart-logo-clean.png\",\"contentUrl\":\"https:\/\/traffic-chart.com\/wp-content\/uploads\/2023\/05\/traffic-chart-logo-clean.png\",\"width\":2000,\"height\":474,\"caption\":\"Traffic Chart\"},\"image\":{\"@id\":\"https:\/\/traffic-chart.com\/#\/schema\/logo\/image\/\"}}]}<\/script>\n<!-- \/ Yoast SEO plugin. -->","yoast_head_json":{"title":"Merci de vous inscrire - Traffic Chart","robots":{"index":"index","follow":"follow","max-snippet":"max-snippet:-1","max-image-preview":"max-image-preview:large","max-video-preview":"max-video-preview:-1"},"canonical":"https:\/\/traffic-chart.com\/fr\/confirmer-le-proces\/","og_locale":"fr_FR","og_type":"article","og_title":"Thank you for signing up - Traffic Chart","og_description":"Thank you for signing up to your free trial Your account details will be provided in your email inbox You will be redirected to the platform in 7 seconds Something&#8217;s not working? Contact us here","og_url":"https:\/\/traffic-chart.com\/fr\/confirmer-le-proces\/","og_site_name":"Traffic Chart","article_modified_time":"2023-12-15T13:03:46+00:00","twitter_card":"summary_large_image","twitter_misc":{"Dur\u00e9e de lecture estim\u00e9e":"1 minute"},"schema":{"@context":"https:\/\/schema.org","@graph":[{"@type":"WebPage","@id":"https:\/\/traffic-chart.com\/confirm-trial\/","url":"https:\/\/traffic-chart.com\/confirm-trial\/","name":"Merci de vous inscrire - Traffic Chart","isPartOf":{"@id":"https:\/\/traffic-chart.com\/#website"},"datePublished":"2022-05-19T09:32:21+00:00","dateModified":"2023-12-15T13:03:46+00:00","breadcrumb":{"@id":"https:\/\/traffic-chart.com\/confirm-trial\/#breadcrumb"},"inLanguage":"fr-FR","potentialAction":[{"@type":"ReadAction","target":["https:\/\/traffic-chart.com\/confirm-trial\/"]}]},{"@type":"BreadcrumbList","@id":"https:\/\/traffic-chart.com\/confirm-trial\/#breadcrumb","itemListElement":[{"@type":"ListItem","position":1,"name":"Home","item":"https:\/\/traffic-chart.com\/"},{"@type":"ListItem","position":2,"name":"Thank you for signing up"}]},{"@type":"WebSite","@id":"https:\/\/traffic-chart.com\/#website","url":"https:\/\/traffic-chart.com\/","name":"Graphique du trafic","description":"Votre plan de circulation - Simple et efficace","publisher":{"@id":"https:\/\/traffic-chart.com\/#organization"},"potentialAction":[{"@type":"SearchAction","target":{"@type":"EntryPoint","urlTemplate":"https:\/\/traffic-chart.com\/?s={search_term_string}"},"query-input":{"@type":"PropertyValueSpecification","valueRequired":true,"valueName":"search_term_string"}}],"inLanguage":"fr-FR"},{"@type":"Organization","@id":"https:\/\/traffic-chart.com\/#organization","name":"Graphique du trafic","url":"https:\/\/traffic-chart.com\/","logo":{"@type":"ImageObject","inLanguage":"fr-FR","@id":"https:\/\/traffic-chart.com\/#\/schema\/logo\/image\/","url":"https:\/\/traffic-chart.com\/wp-content\/uploads\/2023\/05\/traffic-chart-logo-clean.png","contentUrl":"https:\/\/traffic-chart.com\/wp-content\/uploads\/2023\/05\/traffic-chart-logo-clean.png","width":2000,"height":474,"caption":"Traffic Chart"},"image":{"@id":"https:\/\/traffic-chart.com\/#\/schema\/logo\/image\/"}}]}},"_links":{"self":[{"href":"https:\/\/traffic-chart.com\/fr\/wp-json\/wp\/v2\/pages\/26465","targetHints":{"allow":["GET"]}}],"collection":[{"href":"https:\/\/traffic-chart.com\/fr\/wp-json\/wp\/v2\/pages"}],"about":[{"href":"https:\/\/traffic-chart.com\/fr\/wp-json\/wp\/v2\/types\/page"}],"author":[{"embeddable":true,"href":"https:\/\/traffic-chart.com\/fr\/wp-json\/wp\/v2\/users\/2"}],"replies":[{"embeddable":true,"href":"https:\/\/traffic-chart.com\/fr\/wp-json\/wp\/v2\/comments?post=26465"}],"version-history":[{"count":36,"href":"https:\/\/traffic-chart.com\/fr\/wp-json\/wp\/v2\/pages\/26465\/revisions"}],"predecessor-version":[{"id":28353,"href":"https:\/\/traffic-chart.com\/fr\/wp-json\/wp\/v2\/pages\/26465\/revisions\/28353"}],"wp:attachment":[{"href":"https:\/\/traffic-chart.com\/fr\/wp-json\/wp\/v2\/media?parent=26465"}],"curies":[{"name":"wp","href":"https:\/\/api.w.org\/{rel}","templated":true}]}}