{"id":27403,"date":"2022-07-25T10:55:36","date_gmt":"2022-07-25T10:55:36","guid":{"rendered":"https:\/\/traffic-chart.com\/?page_id=27403"},"modified":"2022-07-25T11:50:23","modified_gmt":"2022-07-25T11:50:23","slug":"formacion-de-agradecimiento","status":"publish","type":"page","link":"https:\/\/traffic-chart.com\/es\/formacion-de-agradecimiento\/","title":{"rendered":"Gracias a la formaci\u00f3n\u00a0"},"content":{"rendered":"<div data-elementor-type=\"wp-page\" data-elementor-id=\"27403\" class=\"elementor elementor-27403\" data-elementor-post-type=\"page\">\n\t\t\t\t\t\t<section class=\"elementor-section elementor-top-section elementor-element elementor-element-2ef7a537 elementor-section-boxed elementor-section-height-default elementor-section-height-default\" data-id=\"2ef7a537\" data-element_type=\"section\" data-settings=\"{&quot;background_background&quot;:&quot;classic&quot;}\">\n\t\t\t\t\t\t<div class=\"elementor-container elementor-column-gap-default\">\n\t\t\t\t\t<div class=\"elementor-column elementor-col-100 elementor-top-column elementor-element elementor-element-251ca44\" data-id=\"251ca44\" data-element_type=\"column\" data-settings=\"{&quot;background_background&quot;:&quot;classic&quot;}\">\n\t\t\t<div class=\"elementor-widget-wrap elementor-element-populated\">\n\t\t\t\t\t\t<section class=\"elementor-section elementor-inner-section elementor-element elementor-element-cabbcdf elementor-section-boxed elementor-section-height-default elementor-section-height-default\" data-id=\"cabbcdf\" data-element_type=\"section\">\n\t\t\t\t\t\t<div class=\"elementor-container elementor-column-gap-default\">\n\t\t\t\t\t<div class=\"elementor-column elementor-col-50 elementor-inner-column elementor-element elementor-element-76e6195\" data-id=\"76e6195\" data-element_type=\"column\">\n\t\t\t<div class=\"elementor-widget-wrap elementor-element-populated\">\n\t\t\t\t\t\t<div class=\"elementor-element elementor-element-679058c7 elementor-view-default elementor-widget elementor-widget-icon\" data-id=\"679058c7\" data-element_type=\"widget\" data-widget_type=\"icon.default\">\n\t\t\t\t<div class=\"elementor-widget-container\">\n\t\t\t\t\t\t\t<div class=\"elementor-icon-wrapper\">\n\t\t\t<div class=\"elementor-icon\">\n\t\t\t<i aria-hidden=\"true\" class=\"fas fa-mail-bulk\"><\/i>\t\t\t<\/div>\n\t\t<\/div>\n\t\t\t\t\t\t<\/div>\n\t\t\t\t<\/div>\n\t\t\t\t\t<\/div>\n\t\t<\/div>\n\t\t\t\t<div class=\"elementor-column elementor-col-50 elementor-inner-column elementor-element elementor-element-481801e\" data-id=\"481801e\" data-element_type=\"column\">\n\t\t\t<div class=\"elementor-widget-wrap elementor-element-populated\">\n\t\t\t\t\t\t<div class=\"elementor-element elementor-element-dda0701 elementor-widget elementor-widget-heading\" data-id=\"dda0701\" data-element_type=\"widget\" data-widget_type=\"heading.default\">\n\t\t\t\t<div class=\"elementor-widget-container\">\n\t\t\t\t\t<h1 class=\"elementor-heading-title elementor-size-default\">Gracias por apuntarte a nuestro curso de formaci\u00f3n<\/h1>\t\t\t\t<\/div>\n\t\t\t\t<\/div>\n\t\t\t\t\t<\/div>\n\t\t<\/div>\n\t\t\t\t\t<\/div>\n\t\t<\/section>\n\t\t\t\t<div class=\"elementor-element elementor-element-706d2acc elementor-widget elementor-widget-text-editor\" data-id=\"706d2acc\" data-element_type=\"widget\" data-widget_type=\"text-editor.default\">\n\t\t\t\t<div class=\"elementor-widget-container\">\n\t\t\t\t\t\t\t\t\t<p>Nos pondremos en contacto contigo lo antes posible.\u00a0<\/p><p>Si no recibes un correo electr\u00f3nico en los pr\u00f3ximos d\u00edas, <a href=\"\/es\/ponte-en-contacto-con\/\">contacta con nosotros aqu\u00ed<\/a><\/p>\t\t\t\t\t\t\t\t<\/div>\n\t\t\t\t<\/div>\n\t\t\t\t<div class=\"elementor-element elementor-element-2dad6994 elementor-widget elementor-widget-text-editor\" data-id=\"2dad6994\" data-element_type=\"widget\" data-widget_type=\"text-editor.default\">\n\t\t\t\t<div class=\"elementor-widget-container\">\n\t\t\t\t\t\t\t\t\t(Comprueba tambi\u00e9n tu carpeta de spam)\t\t\t\t\t\t\t\t<\/div>\n\t\t\t\t<\/div>\n\t\t\t\t\t<\/div>\n\t\t<\/div>\n\t\t\t\t\t<\/div>\n\t\t<\/section>\n\t\t\t\t<\/div>","protected":false},"excerpt":{"rendered":"<p>Gracias por inscribirte en nuestro curso de formaci\u00f3n Nos pondremos en contacto contigo lo antes posible.  Si no recibes un correo electr\u00f3nico en los pr\u00f3ximos d\u00edas, ponte en contacto con nosotros aqu\u00ed (comprueba tambi\u00e9n tu carpeta de spam)<\/p>","protected":false},"author":2,"featured_media":0,"parent":0,"menu_order":0,"comment_status":"closed","ping_status":"closed","template":"","meta":{"site-sidebar-layout":"no-sidebar","site-content-layout":"page-builder","ast-site-content-layout":"default","site-content-style":"default","site-sidebar-style":"default","ast-global-header-display":"","ast-banner-title-visibility":"","ast-main-header-display":"","ast-hfb-above-header-display":"","ast-hfb-below-header-display":"","ast-hfb-mobile-header-display":"","site-post-title":"disabled","ast-breadcrumbs-content":"","ast-featured-img":"disabled","footer-sml-layout":"","ast-disable-related-posts":"","theme-transparent-header-meta":"","adv-header-id-meta":"","stick-header-meta":"","header-above-stick-meta":"","header-main-stick-meta":"","header-below-stick-meta":"","astra-migrate-meta-layouts":"default","ast-page-background-enabled":"default","ast-page-background-meta":{"desktop":{"background-color":"","background-image":"","background-repeat":"repeat","background-position":"center center","background-size":"auto","background-attachment":"scroll","background-type":"","background-media":"","overlay-type":"","overlay-color":"","overlay-opacity":"","overlay-gradient":""},"tablet":{"background-color":"","background-image":"","background-repeat":"repeat","background-position":"center center","background-size":"auto","background-attachment":"scroll","background-type":"","background-media":"","overlay-type":"","overlay-color":"","overlay-opacity":"","overlay-gradient":""},"mobile":{"background-color":"","background-image":"","background-repeat":"repeat","background-position":"center center","background-size":"auto","background-attachment":"scroll","background-type":"","background-media":"","overlay-type":"","overlay-color":"","overlay-opacity":"","overlay-gradient":""}},"ast-content-background-meta":{"desktop":{"background-color":"var(--ast-global-color-5)","background-image":"","background-repeat":"repeat","background-position":"center center","background-size":"auto","background-attachment":"scroll","background-type":"","background-media":"","overlay-type":"","overlay-color":"","overlay-opacity":"","overlay-gradient":""},"tablet":{"background-color":"var(--ast-global-color-5)","background-image":"","background-repeat":"repeat","background-position":"center center","background-size":"auto","background-attachment":"scroll","background-type":"","background-media":"","overlay-type":"","overlay-color":"","overlay-opacity":"","overlay-gradient":""},"mobile":{"background-color":"var(--ast-global-color-5)","background-image":"","background-repeat":"repeat","background-position":"center center","background-size":"auto","background-attachment":"scroll","background-type":"","background-media":"","overlay-type":"","overlay-color":"","overlay-opacity":"","overlay-gradient":""}},"footnotes":""},"class_list":["post-27403","page","type-page","status-publish","hentry"],"yoast_head":"<!-- This site is optimized with the Yoast SEO plugin v26.7 - https:\/\/yoast.com\/wordpress\/plugins\/seo\/ -->\n<title>Thank you training\u00a0 - Traffic Chart<\/title>\n<meta name=\"robots\" content=\"index, follow, max-snippet:-1, max-image-preview:large, max-video-preview:-1\" \/>\n<link rel=\"canonical\" href=\"https:\/\/traffic-chart.com\/es\/formacion-de-agradecimiento\/\" \/>\n<meta property=\"og:locale\" content=\"es_ES\" \/>\n<meta property=\"og:type\" content=\"article\" \/>\n<meta property=\"og:title\" content=\"Thank you training\u00a0 - Traffic Chart\" \/>\n<meta property=\"og:description\" content=\"Thank you for signing up to our training course We will get back to you as soon as possible.\u00a0 If you don&#8217;t receive an email within the next couple of days, contact us here (Also check your spam folder)\" \/>\n<meta property=\"og:url\" content=\"https:\/\/traffic-chart.com\/es\/formacion-de-agradecimiento\/\" \/>\n<meta property=\"og:site_name\" content=\"Traffic Chart\" \/>\n<meta property=\"article:modified_time\" content=\"2022-07-25T11:50:23+00:00\" \/>\n<meta name=\"twitter:card\" content=\"summary_large_image\" \/>\n<meta name=\"twitter:label1\" content=\"Tiempo de lectura\" \/>\n\t<meta name=\"twitter:data1\" content=\"1 minuto\" \/>\n<script type=\"application\/ld+json\" class=\"yoast-schema-graph\">{\"@context\":\"https:\/\/schema.org\",\"@graph\":[{\"@type\":\"WebPage\",\"@id\":\"https:\/\/traffic-chart.com\/thank-you-training\/\",\"url\":\"https:\/\/traffic-chart.com\/thank-you-training\/\",\"name\":\"Thank you training\u00a0 - Traffic Chart\",\"isPartOf\":{\"@id\":\"https:\/\/traffic-chart.com\/#website\"},\"datePublished\":\"2022-07-25T10:55:36+00:00\",\"dateModified\":\"2022-07-25T11:50:23+00:00\",\"breadcrumb\":{\"@id\":\"https:\/\/traffic-chart.com\/thank-you-training\/#breadcrumb\"},\"inLanguage\":\"es\",\"potentialAction\":[{\"@type\":\"ReadAction\",\"target\":[\"https:\/\/traffic-chart.com\/thank-you-training\/\"]}]},{\"@type\":\"BreadcrumbList\",\"@id\":\"https:\/\/traffic-chart.com\/thank-you-training\/#breadcrumb\",\"itemListElement\":[{\"@type\":\"ListItem\",\"position\":1,\"name\":\"Home\",\"item\":\"https:\/\/traffic-chart.com\/\"},{\"@type\":\"ListItem\",\"position\":2,\"name\":\"Thank you training\u00a0\"}]},{\"@type\":\"WebSite\",\"@id\":\"https:\/\/traffic-chart.com\/#website\",\"url\":\"https:\/\/traffic-chart.com\/\",\"name\":\"Traffic Chart\",\"description\":\"Your traffic plan - Easy and efficient\",\"publisher\":{\"@id\":\"https:\/\/traffic-chart.com\/#organization\"},\"potentialAction\":[{\"@type\":\"SearchAction\",\"target\":{\"@type\":\"EntryPoint\",\"urlTemplate\":\"https:\/\/traffic-chart.com\/?s={search_term_string}\"},\"query-input\":{\"@type\":\"PropertyValueSpecification\",\"valueRequired\":true,\"valueName\":\"search_term_string\"}}],\"inLanguage\":\"es\"},{\"@type\":\"Organization\",\"@id\":\"https:\/\/traffic-chart.com\/#organization\",\"name\":\"Traffic Chart\",\"url\":\"https:\/\/traffic-chart.com\/\",\"logo\":{\"@type\":\"ImageObject\",\"inLanguage\":\"es\",\"@id\":\"https:\/\/traffic-chart.com\/#\/schema\/logo\/image\/\",\"url\":\"https:\/\/traffic-chart.com\/wp-content\/uploads\/2023\/05\/traffic-chart-logo-clean.png\",\"contentUrl\":\"https:\/\/traffic-chart.com\/wp-content\/uploads\/2023\/05\/traffic-chart-logo-clean.png\",\"width\":2000,\"height\":474,\"caption\":\"Traffic Chart\"},\"image\":{\"@id\":\"https:\/\/traffic-chart.com\/#\/schema\/logo\/image\/\"}}]}<\/script>\n<!-- \/ Yoast SEO plugin. -->","yoast_head_json":{"title":"Entrenamiento de agradecimiento - Gr\u00e1fico de tr\u00e1fico","robots":{"index":"index","follow":"follow","max-snippet":"max-snippet:-1","max-image-preview":"max-image-preview:large","max-video-preview":"max-video-preview:-1"},"canonical":"https:\/\/traffic-chart.com\/es\/formacion-de-agradecimiento\/","og_locale":"es_ES","og_type":"article","og_title":"Thank you training\u00a0 - Traffic Chart","og_description":"Thank you for signing up to our training course We will get back to you as soon as possible.\u00a0 If you don&#8217;t receive an email within the next couple of days, contact us here (Also check your spam folder)","og_url":"https:\/\/traffic-chart.com\/es\/formacion-de-agradecimiento\/","og_site_name":"Traffic Chart","article_modified_time":"2022-07-25T11:50:23+00:00","twitter_card":"summary_large_image","twitter_misc":{"Tiempo de lectura":"1 minuto"},"schema":{"@context":"https:\/\/schema.org","@graph":[{"@type":"WebPage","@id":"https:\/\/traffic-chart.com\/thank-you-training\/","url":"https:\/\/traffic-chart.com\/thank-you-training\/","name":"Entrenamiento de agradecimiento - Gr\u00e1fico de tr\u00e1fico","isPartOf":{"@id":"https:\/\/traffic-chart.com\/#website"},"datePublished":"2022-07-25T10:55:36+00:00","dateModified":"2022-07-25T11:50:23+00:00","breadcrumb":{"@id":"https:\/\/traffic-chart.com\/thank-you-training\/#breadcrumb"},"inLanguage":"es","potentialAction":[{"@type":"ReadAction","target":["https:\/\/traffic-chart.com\/thank-you-training\/"]}]},{"@type":"BreadcrumbList","@id":"https:\/\/traffic-chart.com\/thank-you-training\/#breadcrumb","itemListElement":[{"@type":"ListItem","position":1,"name":"Home","item":"https:\/\/traffic-chart.com\/"},{"@type":"ListItem","position":2,"name":"Thank you training\u00a0"}]},{"@type":"WebSite","@id":"https:\/\/traffic-chart.com\/#website","url":"https:\/\/traffic-chart.com\/","name":"Gr\u00e1fico de tr\u00e1fico","description":"Tu plan de tr\u00e1fico - F\u00e1cil y eficaz","publisher":{"@id":"https:\/\/traffic-chart.com\/#organization"},"potentialAction":[{"@type":"SearchAction","target":{"@type":"EntryPoint","urlTemplate":"https:\/\/traffic-chart.com\/?s={search_term_string}"},"query-input":{"@type":"PropertyValueSpecification","valueRequired":true,"valueName":"search_term_string"}}],"inLanguage":"es"},{"@type":"Organization","@id":"https:\/\/traffic-chart.com\/#organization","name":"Gr\u00e1fico de tr\u00e1fico","url":"https:\/\/traffic-chart.com\/","logo":{"@type":"ImageObject","inLanguage":"es","@id":"https:\/\/traffic-chart.com\/#\/schema\/logo\/image\/","url":"https:\/\/traffic-chart.com\/wp-content\/uploads\/2023\/05\/traffic-chart-logo-clean.png","contentUrl":"https:\/\/traffic-chart.com\/wp-content\/uploads\/2023\/05\/traffic-chart-logo-clean.png","width":2000,"height":474,"caption":"Traffic Chart"},"image":{"@id":"https:\/\/traffic-chart.com\/#\/schema\/logo\/image\/"}}]}},"_links":{"self":[{"href":"https:\/\/traffic-chart.com\/es\/wp-json\/wp\/v2\/pages\/27403","targetHints":{"allow":["GET"]}}],"collection":[{"href":"https:\/\/traffic-chart.com\/es\/wp-json\/wp\/v2\/pages"}],"about":[{"href":"https:\/\/traffic-chart.com\/es\/wp-json\/wp\/v2\/types\/page"}],"author":[{"embeddable":true,"href":"https:\/\/traffic-chart.com\/es\/wp-json\/wp\/v2\/users\/2"}],"replies":[{"embeddable":true,"href":"https:\/\/traffic-chart.com\/es\/wp-json\/wp\/v2\/comments?post=27403"}],"version-history":[{"count":16,"href":"https:\/\/traffic-chart.com\/es\/wp-json\/wp\/v2\/pages\/27403\/revisions"}],"predecessor-version":[{"id":27442,"href":"https:\/\/traffic-chart.com\/es\/wp-json\/wp\/v2\/pages\/27403\/revisions\/27442"}],"wp:attachment":[{"href":"https:\/\/traffic-chart.com\/es\/wp-json\/wp\/v2\/media?parent=27403"}],"curies":[{"name":"wp","href":"https:\/\/api.w.org\/{rel}","templated":true}]}}